{"id":7,"date":"2017-12-11T20:34:08","date_gmt":"2017-12-11T19:34:08","guid":{"rendered":"http:\/\/secad02.fr\/?page_id=7"},"modified":"2020-04-01T19:06:56","modified_gmt":"2020-04-01T17:06:56","slug":"accueil","status":"publish","type":"page","link":"https:\/\/secad02.fr\/","title":{"rendered":"Accueil"},"content":{"rendered":"\n<h2 class=\"has-text-align-center wp-block-heading\"><strong>SECAD, une entreprise polyvalente, une \u00e9quipe dynamique.<\/strong><\/h2>\n\n\n<h2 style=\"text-align: center;\">Entreprise de conception de machine sp\u00e9ciales et offrant des services int\u00e9grant des solutions \u00e0 la demande de ses clients.<\/h2>\n<h2 style=\"text-align: center;\">Nos machines et lignes de conditionnement automatis\u00e9es sont destin\u00e9es aux industriels de la cosm\u00e9tique, de l&rsquo;agro-alimentaire et de la pharmaceutique.<\/h2>\n<p><img loading=\"lazy\" decoding=\"async\" class=\"aligncenter wp-image-101 \" style=\"font-size: 1rem; text-align: center;\" src=\"https:\/\/secad02.fr\/wp-content\/uploads\/2018\/03\/Rendu-C01-1024x379.jpg\" alt=\"\" width=\"704\" height=\"260\" srcset=\"https:\/\/secad02.fr\/wp-content\/uploads\/2018\/03\/Rendu-C01-1024x379.jpg 1024w, https:\/\/secad02.fr\/wp-content\/uploads\/2018\/03\/Rendu-C01-300x111.jpg 300w, https:\/\/secad02.fr\/wp-content\/uploads\/2018\/03\/Rendu-C01-768x284.jpg 768w\" sizes=\"auto, (max-width: 704px) 100vw, 704px\" \/><\/p>\n<h2 style=\"text-align: center;\">Nous r\u00e9alisons des installations cl\u00e9s en main<\/h2>\n<h2 style=\"text-align: center;\">Nous r\u00e9alisons aussi de la mise en conformit\u00e9 machine pour nos clients et nous vous proposons \u00e9galement :<\/h2>\n<ul>\n<li>Une gamme de machines et de modules standards ou sur-mesure.<\/li>\n<li>Un service de pi\u00e8ces de rechange et d\u2019outillage.<\/li>\n<li>La r\u00e9novation de machines existantes pour la mise en conformit\u00e9 et l\u2019installation de lignes.<\/li>\n<li>L\u2019assemblage de lignes compl\u00e8tes et l&rsquo;int\u00e9gration de nouveaux modules ou machines.<\/li>\n<\/ul>\n\n\n<blockquote class=\"wp-block-quote has-text-align-center is-layout-flow wp-block-quote-is-layout-flow\"><p><strong>Notre philosophie, la r\u00e9activit\u00e9 et la satisfaction du client.<\/strong><\/p><\/blockquote>\n","protected":false},"excerpt":{"rendered":"<p>SECAD, une entreprise polyvalente, une \u00e9quipe dynamique. Entreprise de conception de machine sp\u00e9ciales et offrant des services int\u00e9grant des solutions \u00e0 la demande de ses clients. Nos machines et lignes de conditionnement automatis\u00e9es sont destin\u00e9es aux industriels de la cosm\u00e9tique, de l&rsquo;agro-alimentaire et de la pharmaceutique. Nous r\u00e9alisons des installations cl\u00e9s en main Nous r\u00e9alisons &hellip; <\/p>\n<p class=\"link-more\"><a href=\"https:\/\/secad02.fr\/\" class=\"more-link\">Continuer la lecture<span class=\"screen-reader-text\"> de &laquo;&nbsp;Accueil&nbsp;&raquo;<\/span><\/a><\/p>\n","protected":false},"author":1,"featured_media":0,"parent":0,"menu_order":0,"comment_status":"closed","ping_status":"closed","template":"","meta":{"footnotes":""},"class_list":["post-7","page","type-page","status-publish","hentry"],"_links":{"self":[{"href":"https:\/\/secad02.fr\/index.php?rest_route=\/wp\/v2\/pages\/7","targetHints":{"allow":["GET"]}}],"collection":[{"href":"https:\/\/secad02.fr\/index.php?rest_route=\/wp\/v2\/pages"}],"about":[{"href":"https:\/\/secad02.fr\/index.php?rest_route=\/wp\/v2\/types\/page"}],"author":[{"embeddable":true,"href":"https:\/\/secad02.fr\/index.php?rest_route=\/wp\/v2\/users\/1"}],"replies":[{"embeddable":true,"href":"https:\/\/secad02.fr\/index.php?rest_route=%2Fwp%2Fv2%2Fcomments&post=7"}],"version-history":[{"count":10,"href":"https:\/\/secad02.fr\/index.php?rest_route=\/wp\/v2\/pages\/7\/revisions"}],"predecessor-version":[{"id":195,"href":"https:\/\/secad02.fr\/index.php?rest_route=\/wp\/v2\/pages\/7\/revisions\/195"}],"wp:attachment":[{"href":"https:\/\/secad02.fr\/index.php?rest_route=%2Fwp%2Fv2%2Fmedia&parent=7"}],"curies":[{"name":"wp","href":"https:\/\/api.w.org\/{rel}","templated":true}]}}